{"id":517,"date":"2019-07-24T08:17:04","date_gmt":"2019-07-24T08:17:04","guid":{"rendered":"https:\/\/mundovidrios.com\/?page_id=517"},"modified":"2024-01-15T10:15:02","modified_gmt":"2024-01-15T13:15:02","slug":"contacto","status":"publish","type":"page","link":"https:\/\/mundovidrios.com\/index.php\/contacto\/","title":{"rendered":"CONTACTO"},"content":{"rendered":"\t\t<div data-elementor-type=\"wp-post\" data-elementor-id=\"517\" class=\"elementor elementor-517\" data-elementor-post-type=\"page\">\n\t\t\t\t\t\t<section class=\"elementor-section elementor-top-section elementor-element elementor-element-53d8fcc contact-info-section style-two elementor-section-boxed elementor-section-height-default elementor-section-height-default\" data-id=\"53d8fcc\" data-element_type=\"section\" data-settings=\"{&quot;background_background&quot;:&quot;classic&quot;}\">\n\t\t\t\t\t\t<div class=\"elementor-container elementor-column-gap-default\">\n\t\t\t\t\t<div class=\"elementor-column elementor-col-33 elementor-top-column elementor-element elementor-element-23acff2 content-column\" data-id=\"23acff2\" data-element_type=\"column\">\n\t\t\t<div class=\"elementor-widget-wrap elementor-element-populated\">\n\t\t\t\t\t\t<div class=\"elementor-element elementor-element-7d35776 elementor-widget__width-initial elementor-widget elementor-widget-text-editor\" data-id=\"7d35776\" data-element_type=\"widget\" data-widget_type=\"text-editor.default\">\n\t\t\t\t<div class=\"elementor-widget-container\">\n\t\t\t\t\t\t\t\t\t<div class=\"content-box\"><h2>Dejanos un mensaje<\/h2><div class=\"text\"><div class=\"text\">\u00bfNecesita asesoramiento experto o simplemente desea hablar con alguien acerca de nuestras soluciones? No dude en dejarnos sus datos, y uno de nuestros especialistas se pondr\u00e1 en contacto con usted a la brevedad.<\/div><p>En Mundo Vidrios, comprendemos a la perfecci\u00f3n las complejidades del mundo de la fabricaci\u00f3n de estructuras de ventanas y productos relacionados. Nuestra amplia trayectoria abarca desde la asesor\u00eda inicial hasta la ejecuci\u00f3n de soluciones personalizadas dise\u00f1adas para atender las necesidades espec\u00edficas de cada cliente. Al solicitar una devoluci\u00f3n de llamada, est\u00e1 iniciando un proceso que puede llevar a una colaboraci\u00f3n significativa capaz de convertir los desaf\u00edos en valiosas oportunidades de crecimiento.<\/p><\/div><\/div>\t\t\t\t\t\t\t\t<\/div>\n\t\t\t\t<\/div>\n\t\t\t\t\t<\/div>\n\t\t<\/div>\n\t\t\t\t<div class=\"elementor-column elementor-col-66 elementor-top-column elementor-element elementor-element-115b9d7f\" data-id=\"115b9d7f\" data-element_type=\"column\">\n\t\t\t<div class=\"elementor-widget-wrap elementor-element-populated\">\n\t\t\t\t\t\t<div class=\"elementor-element elementor-element-e33bdf4 elementor-widget__width-initial elementor-widget elementor-widget-text-editor\" data-id=\"e33bdf4\" data-element_type=\"widget\" data-widget_type=\"text-editor.default\">\n\t\t\t\t<div class=\"elementor-widget-container\">\n\t\t\t\t\t\t\t\t\t\n<div class=\"wpcf7 no-js\" id=\"wpcf7-f506-o1\" lang=\"en-US\" dir=\"ltr\">\n<div class=\"screen-reader-response\"><p role=\"status\" aria-live=\"polite\" aria-atomic=\"true\"><\/p> <ul><\/ul><\/div>\n<form action=\"\/index.php\/wp-json\/wp\/v2\/pages\/517#wpcf7-f506-o1\" method=\"post\" class=\"wpcf7-form init\" aria-label=\"Contact form\" novalidate=\"novalidate\" data-status=\"init\">\n<div style=\"display: none;\">\n<input type=\"hidden\" name=\"_wpcf7\" value=\"506\" \/>\n<input type=\"hidden\" name=\"_wpcf7_version\" value=\"5.9.8\" \/>\n<input type=\"hidden\" name=\"_wpcf7_locale\" value=\"en_US\" \/>\n<input type=\"hidden\" name=\"_wpcf7_unit_tag\" value=\"wpcf7-f506-o1\" \/>\n<input type=\"hidden\" name=\"_wpcf7_container_post\" value=\"0\" \/>\n<input type=\"hidden\" name=\"_wpcf7_posted_data_hash\" value=\"\" \/>\n<\/div>\n<div class=\"contact-form-area\">\n\t<div id=\"contact-form\">\n\t\t<div class=\"row\">\n\t\t\t<div class=\"col-lg-12 col-md-12 col-sm-12 form-group\">\n\t\t\t\t<p><span class=\"wpcf7-form-control-wrap\" data-name=\"your-name\"><input size=\"40\" maxlength=\"400\" class=\"wpcf7-form-control wpcf7-text wpcf7-validates-as-required\" aria-required=\"true\" aria-invalid=\"false\" placeholder=\"Tu nombre\" value=\"\" type=\"text\" name=\"your-name\" \/><\/span>\n\t\t\t\t<\/p>\n\t\t\t<\/div>\n\t\t\t<div class=\"col-lg-12 col-md-12 col-sm-12 form-group\">\n\t\t\t\t<p><span class=\"wpcf7-form-control-wrap\" data-name=\"your-email\"><input size=\"40\" maxlength=\"400\" class=\"wpcf7-form-control wpcf7-email wpcf7-validates-as-required wpcf7-text wpcf7-validates-as-email\" aria-required=\"true\" aria-invalid=\"false\" placeholder=\"Tu correo\" value=\"\" type=\"email\" name=\"your-email\" \/><\/span>\n\t\t\t\t<\/p>\n\t\t\t<\/div>\n\t\t\t<div class=\"col-lg-6 col-md-12 col-sm-12 form-group\">\n\t\t\t\t<p><span class=\"wpcf7-form-control-wrap\" data-name=\"your-phone\"><input size=\"40\" maxlength=\"400\" class=\"wpcf7-form-control wpcf7-text wpcf7-validates-as-required\" aria-required=\"true\" aria-invalid=\"false\" placeholder=\"N\u00famero de tel\u00e9fono\" value=\"\" type=\"text\" name=\"your-phone\" \/><\/span>\n\t\t\t\t<\/p>\n\t\t\t<\/div>\n\t\t\t<div class=\"col-lg-6 col-md-12 col-sm-12 form-group\">\n\t\t\t\t<p><span class=\"wpcf7-form-control-wrap\" data-name=\"your-subject\"><input size=\"40\" maxlength=\"400\" class=\"wpcf7-form-control wpcf7-text wpcf7-validates-as-required\" aria-required=\"true\" aria-invalid=\"false\" placeholder=\"Asunto\" value=\"\" type=\"text\" name=\"your-subject\" \/><\/span>\n\t\t\t\t<\/p>\n\t\t\t<\/div>\n\t\t\t<div class=\"col-lg-12 col-md-12 col-sm-12 form-group\">\n\t\t\t\t<p><span class=\"wpcf7-form-control-wrap\" data-name=\"your-message\"><textarea cols=\"40\" rows=\"10\" maxlength=\"2000\" class=\"wpcf7-form-control wpcf7-textarea wpcf7-validates-as-required\" aria-required=\"true\" aria-invalid=\"false\" placeholder=\"Mensaje aqu\u00ed...\" name=\"your-message\"><\/textarea><\/span>\n\t\t\t\t<\/p>\n\t\t\t<\/div>\n\t\t\t<div class=\"col-lg-12 col-md-12 col-sm-12 form-group message-btn\">\n\t\t\t\t<p><button type=\"submit\" name=\"submit-form\" class=\"wpcf7-form-control wpcf7-submit\">Enviar ahora<\/button>\n\t\t\t\t<\/p>\n\t\t\t<\/div>\n\t\t<\/div>\n\t<\/div>\n<\/div><div class=\"wpcf7-response-output\" aria-hidden=\"true\"><\/div>\n<\/form>\n<\/div>\n\t\t\t\t\t\t\t\t<\/div>\n\t\t\t\t<\/div>\n\t\t\t\t\t<\/div>\n\t\t<\/div>\n\t\t\t\t\t<\/div>\n\t\t<\/section>\n\t\t\t\t<section class=\"elementor-section elementor-top-section elementor-element elementor-element-1746be41 elementor-section-stretched elementor-section-full_width elementor-section-height-default elementor-section-height-default\" data-id=\"1746be41\" data-element_type=\"section\" data-settings=\"{&quot;stretch_section&quot;:&quot;section-stretched&quot;}\">\n\t\t\t\t\t\t<div class=\"elementor-container elementor-column-gap-default\">\n\t\t\t\t\t<div class=\"elementor-column elementor-col-100 elementor-top-column elementor-element elementor-element-4bf7036\" data-id=\"4bf7036\" data-element_type=\"column\">\n\t\t\t<div class=\"elementor-widget-wrap elementor-element-populated\">\n\t\t\t\t\t\t<div class=\"elementor-element elementor-element-c8a1f34 elementor-widget elementor-widget-Google_Map\" data-id=\"c8a1f34\" data-element_type=\"widget\" data-widget_type=\"Google_Map.default\">\n\t\t\t\t<div class=\"elementor-widget-container\">\n\t\t\t\t\t\n            <!-- google-map-section -->\n            <section class=\"google-map-section\">\n                <div class=\"google-map-area\">\n                                    <div  id=\"contact-google-map\">\n                        <iframe src=\"https:\/\/www.google.com\/maps\/embed?pb=!1m14!1m8!1m3!1d14173.763100973043!2d-55.9118292!3d-27.3619466!3m2!1i1024!2i768!4f13.1!3m3!1m2!1s0x9457bf6e3a768d97%3A0x871ff61331d30cee!2sMundo%20Vidrios!5e0!3m2!1ses!2sar!4v1695015554343!5m2!1ses!2sar\" width=\"600\" height=\"450\" style=\"border:0;\" allowfullscreen=\"\" loading=\"lazy\" referrerpolicy=\"no-referrer-when-downgrade\"><\/iframe>                    <\/div>\n                                <\/div>\n            <\/section>\n            <!-- google-map-section end -->\n\n\n        \t\t\t\t<\/div>\n\t\t\t\t<\/div>\n\t\t\t\t\t<\/div>\n\t\t<\/div>\n\t\t\t\t\t<\/div>\n\t\t<\/section>\n\t\t\t\t<section class=\"elementor-section elementor-top-section elementor-element elementor-element-b5a8a5c elementor-section-boxed elementor-section-height-default elementor-section-height-default\" data-id=\"b5a8a5c\" data-element_type=\"section\">\n\t\t\t\t\t\t<div class=\"elementor-container elementor-column-gap-default\">\n\t\t\t\t\t<div class=\"elementor-column elementor-col-100 elementor-top-column elementor-element elementor-element-43a471a\" data-id=\"43a471a\" data-element_type=\"column\">\n\t\t\t<div class=\"elementor-widget-wrap elementor-element-populated\">\n\t\t\t\t\t\t<div class=\"elementor-element elementor-element-aabecb5 elementor-widget__width-initial elementor-absolute elementor-widget elementor-widget-image\" data-id=\"aabecb5\" data-element_type=\"widget\" data-settings=\"{&quot;_position&quot;:&quot;absolute&quot;}\" data-widget_type=\"image.default\">\n\t\t\t\t<div class=\"elementor-widget-container\">\n\t\t\t\t\t\t\t\t\t\t\t\t\t\t\t<img fetchpriority=\"high\" decoding=\"async\" width=\"640\" height=\"428\" src=\"https:\/\/mundovidrios.com\/wp-content\/uploads\/2024\/01\/cropped-cropped-Logos-global-y-mundo-01-e1705316765385-1024x685.png\" class=\"attachment-large size-large wp-image-1832\" alt=\"\" srcset=\"https:\/\/mundovidrios.com\/wp-content\/uploads\/2024\/01\/cropped-cropped-Logos-global-y-mundo-01-e1705316765385-1024x685.png 1024w, https:\/\/mundovidrios.com\/wp-content\/uploads\/2024\/01\/cropped-cropped-Logos-global-y-mundo-01-e1705316765385-300x201.png 300w, https:\/\/mundovidrios.com\/wp-content\/uploads\/2024\/01\/cropped-cropped-Logos-global-y-mundo-01-e1705316765385-768x514.png 768w, https:\/\/mundovidrios.com\/wp-content\/uploads\/2024\/01\/cropped-cropped-Logos-global-y-mundo-01-e1705316765385-734x491.png 734w, https:\/\/mundovidrios.com\/wp-content\/uploads\/2024\/01\/cropped-cropped-Logos-global-y-mundo-01-e1705316765385-120x80.png 120w, https:\/\/mundovidrios.com\/wp-content\/uploads\/2024\/01\/cropped-cropped-Logos-global-y-mundo-01-e1705316765385.png 1102w\" sizes=\"(max-width: 640px) 100vw, 640px\" \/>\t\t\t\t\t\t\t\t\t\t\t\t\t\t\t<\/div>\n\t\t\t\t<\/div>\n\t\t\t\t\t<\/div>\n\t\t<\/div>\n\t\t\t\t\t<\/div>\n\t\t<\/section>\n\t\t\t\t<\/div>\n\t\t","protected":false},"excerpt":{"rendered":"<p>Dejanos un mensaje \u00bfNecesita asesoramiento experto o simplemente desea hablar con alguien acerca de nuestras soluciones? No dude en dejarnos sus datos, y uno de nuestros especialistas se pondr\u00e1 en contacto con usted a la brevedad. En Mundo Vidrios, comprendemos a la perfecci\u00f3n las complejidades del mundo de la fabricaci\u00f3n de estructuras de ventanas y [&hellip;]<\/p>\n","protected":false},"author":1,"featured_media":1749,"parent":0,"menu_order":0,"comment_status":"closed","ping_status":"closed","template":"","meta":{"footnotes":"","_joinchat":[]},"aioseo_notices":[],"_links":{"self":[{"href":"https:\/\/mundovidrios.com\/index.php\/wp-json\/wp\/v2\/pages\/517"}],"collection":[{"href":"https:\/\/mundovidrios.com\/index.php\/wp-json\/wp\/v2\/pages"}],"about":[{"href":"https:\/\/mundovidrios.com\/index.php\/wp-json\/wp\/v2\/types\/page"}],"author":[{"embeddable":true,"href":"https:\/\/mundovidrios.com\/index.php\/wp-json\/wp\/v2\/users\/1"}],"replies":[{"embeddable":true,"href":"https:\/\/mundovidrios.com\/index.php\/wp-json\/wp\/v2\/comments?post=517"}],"version-history":[{"count":14,"href":"https:\/\/mundovidrios.com\/index.php\/wp-json\/wp\/v2\/pages\/517\/revisions"}],"predecessor-version":[{"id":1939,"href":"https:\/\/mundovidrios.com\/index.php\/wp-json\/wp\/v2\/pages\/517\/revisions\/1939"}],"wp:featuredmedia":[{"embeddable":true,"href":"https:\/\/mundovidrios.com\/index.php\/wp-json\/wp\/v2\/media\/1749"}],"wp:attachment":[{"href":"https:\/\/mundovidrios.com\/index.php\/wp-json\/wp\/v2\/media?parent=517"}],"curies":[{"name":"wp","href":"https:\/\/api.w.org\/{rel}","templated":true}]}}